{"id":5599,"date":"2021-04-29T12:30:50","date_gmt":"2021-04-29T12:30:50","guid":{"rendered":"https:\/\/claraniubo.com\/privacy-policy\/"},"modified":"2021-04-29T12:30:51","modified_gmt":"2021-04-29T12:30:51","slug":"privacy-policy","status":"publish","type":"page","link":"https:\/\/claraniubo.com\/en\/privacy-policy\/","title":{"rendered":"Privacy policy"},"content":{"rendered":"\t\t<div data-elementor-type=\"wp-page\" data-elementor-id=\"5599\" class=\"elementor elementor-5599 elementor-94\" data-elementor-post-type=\"page\">\n\t\t\t\t\t\t<section class=\"elementor-section elementor-top-section elementor-element elementor-element-470c680 elementor-section-boxed elementor-section-height-default elementor-section-height-default\" data-id=\"470c680\" data-element_type=\"section\" data-e-type=\"section\">\n\t\t\t\t\t\t<div class=\"elementor-container elementor-column-gap-default\">\n\t\t\t\t\t<div class=\"elementor-column elementor-col-100 elementor-top-column elementor-element elementor-element-43b61d3\" data-id=\"43b61d3\" data-element_type=\"column\" data-e-type=\"column\">\n\t\t\t<div class=\"elementor-widget-wrap elementor-element-populated\">\n\t\t\t\t\t\t<div class=\"elementor-element elementor-element-4c573e5 elementor-widget elementor-widget-text-editor\" data-id=\"4c573e5\" data-element_type=\"widget\" data-e-type=\"widget\" data-widget_type=\"text-editor.default\">\n\t\t\t\t<div class=\"elementor-widget-container\">\n\t\t\t\t\t\t\t\t\t<p><strong>Introduction<\/strong><\/p>\n<p>In accordance with the needs of internet users and the importance of rigorous privacy regarding the personal data entrusted to the company, Clara Niub\u00f2 has formulated this Privacy Declaration to ensure you are aware of the company\u2019s policy for processing the personal data obtained from website visitors and users.<\/p>\n<p>As a User, the mere fact of navigating, viewing or reading the website infers your acceptance of these Conditions. If you do not accept them, you will need to leave the website without making any use of it or its content, and without accessing any links. <\/p>\n<p><strong>Data Controller<\/strong><\/p>\n<p>The owner of the website and hence the data controller is Clara Niub\u00f2 Casas, holding National Identity Document No. (DNI) 39375357R, who can be contacted by email at info@claraniubo.com, by telephone at 609836151, or by sending a letter to Carrer Major 31, 08693 Casserres.<\/p>\n<p><strong>Purpose of data processing<\/strong><\/p>\n<p>On our website there are specific sections where you can enter your details in order to receive information on updates to the website and certain programs distributed by it. Please be assured that the information you give us will be treated completely confidentially. <\/p>\n<p>The data will be stored while they are still expected to be useful for the purpose for which they were collected.<\/p>\n<p>No automated decisions will be taken using your data.<\/p>\n<p>The website may use cookies, so please refer to our Cookies Policy here.<\/p>\n<p><strong>Legitimation of data processing<\/strong><\/p>\n<p>L&#8217;\u00fas de les teves dades s\u2019efectua perqu\u00e8 ens d\u00f3nes el teu consentiment per utilitzar les que ens proporciones en els formularis per un \u00fas espec\u00edfic que s&#8217;indica en cadascun d&#8217;ells. Totes les teves dades nom\u00e9s s\u00f3n necess\u00e0ries per a usos concrets pels quals se&#8217;t sol\u00b7liciten, si no ho fas, aquests serveis no s\u00f3n possibles. <\/p>\n<p><strong>Data transfers<\/strong><\/p>\n<p>There is a firm commitment on our part that the data you provide to Clara Niub\u00f2 will not be sold or transferred to third parties without your prior consent, for any reason or circumstance, apart from express consent or legal obligation.<\/p>\n<p>Our website contains links to other third party websites. Clara Niub\u00f2 is not responsible for the privacy policies and practices of these other websites. <\/p>\n<p><strong>Rights of interested parties<\/strong><\/p>\n<p>You have the right to access the information about your person that is stored in our databases; to rectify it in the event that it is inaccurate; to delete it, restrict it, or oppose its processing; and to withdraw your consent if you wish. To do so, simply send an email to <a href=\"mailto:hola@claraniubo.com\">hola@claraniubo.com<\/a> and we will answer any queries, comments or clarifications needed in this respect. <\/p>\n<p>For further information on data-related issues, the website of reference for Spain is the <a href=\"https:\/\/www.agpd.es\/\">Data Protection Agency<\/a>, with which you have the right to lodge a complaint.<\/p><\/p>\n\t\t\t\t\t\t\t\t<\/div>\n\t\t\t\t<\/div>\n\t\t\t\t\t<\/div>\n\t\t<\/div>\n\t\t\t\t\t<\/div>\n\t\t<\/section>\n\t\t\t\t<\/div>\n\t\t","protected":false},"excerpt":{"rendered":"<p>Introduction In accordance with the needs of internet users and the importance of rigorous privacy regarding the personal data entrusted to the company, Clara Niub\u00f2 has formulated this Privacy Declaration to ensure you are aware of the company\u2019s policy for processing the personal data obtained from website visitors and users. As a User, the mere [&hellip;]<\/p>\n","protected":false},"author":1,"featured_media":0,"parent":0,"menu_order":0,"comment_status":"closed","ping_status":"closed","template":"","meta":{"_acf_changed":false,"_genesis_hide_title":false,"_genesis_hide_breadcrumbs":false,"_genesis_hide_singular_image":false,"_genesis_hide_footer_widgets":false,"_genesis_custom_body_class":"","_genesis_custom_post_class":"","_genesis_layout":"","footnotes":""},"class_list":{"0":"post-5599","1":"page","2":"type-page","3":"status-publish","5":"entry"},"acf":[],"_links":{"self":[{"href":"https:\/\/claraniubo.com\/en\/wp-json\/wp\/v2\/pages\/5599","targetHints":{"allow":["GET"]}}],"collection":[{"href":"https:\/\/claraniubo.com\/en\/wp-json\/wp\/v2\/pages"}],"about":[{"href":"https:\/\/claraniubo.com\/en\/wp-json\/wp\/v2\/types\/page"}],"author":[{"embeddable":true,"href":"https:\/\/claraniubo.com\/en\/wp-json\/wp\/v2\/users\/1"}],"replies":[{"embeddable":true,"href":"https:\/\/claraniubo.com\/en\/wp-json\/wp\/v2\/comments?post=5599"}],"version-history":[{"count":3,"href":"https:\/\/claraniubo.com\/en\/wp-json\/wp\/v2\/pages\/5599\/revisions"}],"predecessor-version":[{"id":5603,"href":"https:\/\/claraniubo.com\/en\/wp-json\/wp\/v2\/pages\/5599\/revisions\/5603"}],"wp:attachment":[{"href":"https:\/\/claraniubo.com\/en\/wp-json\/wp\/v2\/media?parent=5599"}],"curies":[{"name":"wp","href":"https:\/\/api.w.org\/{rel}","templated":true}]}}