{"id":5548,"date":"2021-04-28T17:05:33","date_gmt":"2021-04-28T17:05:33","guid":{"rendered":"https:\/\/claraniubo.com\/condiciones-de-venta\/"},"modified":"2021-04-28T17:05:34","modified_gmt":"2021-04-28T17:05:34","slug":"condiciones-de-venta","status":"publish","type":"page","link":"https:\/\/claraniubo.com\/es\/condiciones-de-venta\/","title":{"rendered":"Condiciones de venta"},"content":{"rendered":"\n<p>La titularidad de este portal web <a href=\"http:\/\/www.claraniubo.com\">www.claraniubo.com<\/a> (en adelante, el portal web), propiedad de Clara Niub\u00f2 Casas (en adelante, Clara Niub\u00f2), con NIF 39375357R y domicilio a efectos de notificaciones en la calle Major, 31, 08693 Casserres.\n\n\n<\/p>\n\n<p>Este documento (as\u00ed como cualquier otro documento al que aqu\u00ed se haga menci\u00f3n) regula las condiciones por las que rige el presente portal web y la compra de productos o servicios mediante el mismo (en adelante, las condiciones).\n\n\n<\/p>\n\n<p>Independentment de llegir les presents Condicions, anteriorment a accedir, navegar i\/o utilitzar el portal web, l\u2019Usuari (referit indistintament com a client), es compromet a la lectura de l\u2019Avis legal, la Pol\u00edtica de Privacitat i cookies, aix\u00ed com les presents Condiciones de venda. En l\u2019utilitzar el present portal web o al comprar un producte o servei ofert en el mateix, l\u2019Usuari queda vinculat per les presents condicions aix\u00ed com els textos referits anteriorment.\n\n\n\n \n\n<\/p>\n\n<p>El USUARIO<\/p>\n\n<p>El acceso, la navegaci\u00f3n y la utilizaci\u00f3n del portal web otorga la condici\u00f3n de usuario, por lo que este acepta esta condici\u00f3n a partir del momento que inicia cualquiera de los actos mencionados. El usuario declara ser mayor de 18 a\u00f1os y tener capacidad legal suficiente para formalizar contratos mediante este portal web.\n\n\n\n<\/p>\n\n<p>GARANTIA<\/p>\n\n<p>Todos los productos del portal web son completamente originales, dise\u00f1ados y producidos por Clara Niub\u00f2 y el equipo. Todo el material utilizado est\u00e1 comprado localmente.\n \n  <\/p>\n\n<p>PROCESO DE COMPRA<\/p>\n\n<p>El usuario puede comprar en el portal web mediante los medios y las formas establecidas. A tal efecto, tendr\u00e1 que seguir el proceso de compra establecido mediante el cual podr\u00e1 a\u00f1adir al carrito, cesta o espacio final de compra cu\u00e1ntos productos considere. El usuario tendr\u00e1 que completar y comprobar la informaci\u00f3n que en cada paso se le pida a efectos de procesar su compra. Posteriormente, el usuario recibir\u00e1 un correo electr\u00f3nico informando que se ha recibido correctamente la solicitud de compra, como confirmaci\u00f3n de la compra realizada. El usuario reconoce en el momento de la compra ser conocedor y acepta las condiciones particulares del producto en cuesti\u00f3n, sabiendo que todos los productos son artesanales y, por lo tanto, cada uno tiene su peculiaridad. Los datos personales del usuario solo se utilizar\u00e1n para poder enviar el producto o productos comprados.\n \n\n \n\n \n\n \n\n\n \n<\/p>\n\n<p>DISPONIBILIDAD<\/p>\n\n<p>Te informo que Clara Niub\u00f2 no tiene disponibilidad de todos los productos. Puesto que se trabaja cada producto uno por uno. En caso de dificultades para hacer entrega del pedido por falta de stock, se informar\u00e1 sl cliente mediante un correo electr\u00f3nico y se le facilitar\u00e1 informaci\u00f3n de cu\u00e1ndo se podr\u00e1 entregar el producto o productos sustitutorios, y\/o, en caso de no quererlos, se proceder\u00e1 al reembolso de la cantidad abonada.\n \n \n\n\n\n<\/p>\n\n<p>PRECIOS Y FORMAS DE PAGO <\/p>\n\n<p>Los precios mostrados en el portal web son los finales, en euros e incluyen los impuestos correspondientes. Los precios pueden cambiar en cualquier momento, pero los posibles cambios no afectar\u00e1n a las compras sobre las cuales el usuario ya ha recibido el correo electr\u00f3nico de confirmaci\u00f3n. Los medios de pago aceptados son: (i) Plataforma de pago establecida y fijada por Clara Niub\u00f2 en el portal web; (ii) Transferencia bancaria. El cobro de este importe no es garant\u00eda de que la compra est\u00e9 realizada correctamente.\n \n\n\n \n\n\n <\/p>\n\n<p>ENV\u00cdO Y ENTREGA<\/p>\n\n<p>Cuando el pedido conste de piezas personalizadas o diferentes de las existentes en stock, el plazo variar\u00e1 seg\u00fan la especificidad de este.\n\n<\/p>\n\n<p>En los casos en los que procede realizar una entrega f\u00edsica del bien contratado, las entregas se efectuar\u00e1n en \u00e1mbito del territorio espa\u00f1ol (Pen\u00ednsula y Baleares). A efectos de las presentes condiciones, se considerar\u00e1 que la entrega se ha producido en el momento en el que el usuario o un tercero a nombre de este \u00faltimo, se haga con la posesi\u00f3n material del producto o productos que se acreditar\u00e1 mediante firma en el momento de la recepci\u00f3n del mismo a la direcci\u00f3n convenida entre las partes. Si es fuera de este territorio puede enviar un correo electr\u00f3nico a <a href=\"mailto:hola@claraniubo.com\">hola@claraniubo.com<\/a> y nos pondremos en contacto contigo enseguida que podamos.\n\n \n\n\n\n\n \n<\/p>\n\n<p>Todas las compras tienen un gasto de 10 \u20ac de env\u00edo. <\/p>\n\n<p>DEVOLUCIONES\/CAMBIOS: <\/p>\n\n<p>El hecho de ser un producto artesanal y piezas especiales hechas para ti, no se aceptan devoluciones ni cambios. En el caso de cualquier desperfecto en la pieza durante el transporte, el usuario informar\u00e1 por correo electr\u00f3nico a <a href=\"mailto:hola@claraniubo.com\">hola@claraniubo.com<\/a>antes de 5 d\u00edas despu\u00e9s de la entrega del producto. Se mandar\u00e1 la pieza con el envoltorio original y asumir\u00e1 los cargos de env\u00edo. La pieza se volver\u00e1 a enviar en perfecto estado al usuario, y Clara Niub\u00f2 asumir\u00e1 los cargos de env\u00edo. Aquellas devoluciones comunicadas o enviadas fuera del plazo fijado podr\u00e1n ser rechazadas. El usuario es conocedor de esta circunstancia y lo acepta en el momento de realizar la compra correspondiente.\n\n\n \n \n\n \n \n <\/p>\n\n<p>PROTECCI\u00d3N DE DATOS DE CAR\u00c1CTER PERSONAL\n<\/p>\n\n<p>Clara Niub\u00f2 cumple con el contenido en materia de protecci\u00f3n de datos, concretamente en atenci\u00f3n a la Ley Org\u00e1nica 15\/1999 de 13 diciembre, de Protecci\u00f3n de Datos de Car\u00e1cter Personal, junto con el Real Decreto 1720\/2007 de 21 de diciembre que aprueba el Reglamento de desarrollo de la mencionada normativa. En el marco de sus actividades, el presente portal web dispone de la posibilidad, entre otras, de registro por parte de los usuarios a efectos de recibir comunicaciones mediante el correo electr\u00f3nico. Los datos que se deriven a consecuencia de este registro, quedar\u00e1n registrados en un fichero con el fin de poder informar a los usuarios de las diferentes novedades del mismo portal web como los diferentes servicios ofrecidos por Clara Niub\u00f2. Clara Niub\u00f2 informa y garantiza que los datos facilitados por el usuario no ser\u00e1n facilitados a un tercero sin su previo consentimiento. Los usuarios aceptan de forma libre e inequ\u00edvoca, mediante la utilizaci\u00f3n del portal web, que sus datos sean tratados por Clara Niub\u00f2 para realizar estudios estad\u00edsticos, as\u00ed como para emitir comunicados, noticias y publicaciones relacionados con el contenido del presente portal web. Clara Niub\u00f2 garantiza en todo momento al usuario los derechos de acceso, rectificaci\u00f3n, cancelaci\u00f3n, informaci\u00f3n y oposici\u00f3n en funci\u00f3n del contenido en la normativa vigente en esta materia. Para ejercitar el anterior derecho, el usuario tendr\u00e1 que emitir una solicitud expr\u00e9s al siguiente correo electr\u00f3nico: hola@claraniubo.com.\n\n\n\n \n\n\n \n\n\n \n\n \n\n\n\n \n\n \n\n<\/p>\n\n<p>POL\u00cdTICA DE PRIVACIDAD<\/p>\n\n<p>Clara Niub\u00f2 cumple con el contenido en materia de protecci\u00f3n de datos, concretamente en atenci\u00f3n al Reglamento (UE) 2016\/679 de 27 de abril de 2016 (RGPD), relativo a la protecci\u00f3n de personas f\u00edsicas en atenci\u00f3n al tratamiento de datos personales y a la libre circulaci\u00f3n de datos.\n\n\n\n <\/p>\n\n<p>RESPONSABILIDAD <\/p>\n\n<p>Clara Niub\u00f2 no aceptar\u00e1 ninguna responsabilidad para (i) p\u00e9rdidas no atribuibles a ning\u00fan incumplimiento por su parte; (ii) p\u00e9rdidas empresariales: (iii) errores t\u00e9cnicos por razones fortuitas o de cualquier otra caracter\u00edstica que impidan el correcto funcionamiento del portal web; (iv) imposibilidad de utilizar el portal web por razones de mantenimiento, que impidan acceder al mismo; (v) ning\u00fan incumplimiento o retraso en el cumplimiento de alguna de las obligaciones asumidas cuando se produzca como consecuencia de que se encuentre fuera de su control razonable, es decir, que se justifique como causa mayor.\n\n  \n\n\n\n\n\n<\/p>\n\n<p>PROPIEDAD INTELECTUAL<\/p>\n\n<p>Los contenidos del presente portal web, incluido im\u00e1genes, el dominio web, art\u00edculos, entre otros, son propiedad de Clara Niub\u00f2 y est\u00e1n protegidos en atenci\u00f3n a los art\u00edculos 8 y 32.1 de la Ley de Propiedad Intelectual. En este sentido, queda expresamente prohibido por parte del usuario y\/o cliente copiar, reproducir, vender, transmitir, distribuir, modificar o mostrar para uso comercial los contenidos sin expr\u00e9s consentimiento por parte de su titular. El usuario se compromete a respetar los derechos de propiedad intelectual e industrial de Clara Niub\u00f2. El usuario podr\u00e1 visualizar los contenidos del presente portal web, imprimirlos, copiarlos y almacenarlos en su propio disco duro o en cualquier otro soporte f\u00edsico siempre que sea exclusivamente para uso personal y privado.\n\n\n \n\n\n \n \n\n\n<\/p>\n\n<p>ACUERDO <\/p>\n\n<p>Las presentes condiciones y todo el documento al que estas hacen referencia constituyen el acuerdo entre el usuario y Clara Niub\u00f2 con relaci\u00f3n al objeto de la compraventa y sustituyen cualquier otro pacto o acuerdo anterior convenido, ya sea de forma verbal o por escrito entre las mismas partes.\n\n\n\n<\/p>\n\n<p>MODIFICACI\u00d3N DE LAS PRESENTES CONDICIONES\n<\/p>\n\n<p>Clara Niub\u00f2 podr\u00e1 modificar en cualquier momento las presentes condiciones de venta. La vigencia de las presentes condiciones actuar\u00e1 en funci\u00f3n de su exposici\u00f3n y estar\u00e1 vigente hasta que sean modificadas por otras debidamente publicadas por Clara Niub\u00f2.\n \n\n<\/p>\n\n<p>LEY APLICABLE Y JURISDICCI\u00d3N <\/p>\n\n<p>La relaci\u00f3n entre Clara Niub\u00f2 y el cliente se regir\u00e1 por la normativa espa\u00f1ola vigente y cualquier controversia ser\u00e1 sometida expresamente a los juzgados y tribunales de la ciudad de Barcelona.\n\n\n<\/p>\n\n<p>27 de desembre de 2019<\/p>\n","protected":false},"excerpt":{"rendered":"<p>La titularidad de este portal web www.claraniubo.com (en adelante, el portal web), propiedad de Clara Niub\u00f2 Casas (en adelante, Clara Niub\u00f2), con NIF 39375357R y domicilio a efectos de notificaciones en la calle Major, 31, 08693 Casserres. Este documento (as\u00ed como cualquier otro documento al que aqu\u00ed se haga menci\u00f3n) regula las condiciones por las [&hellip;]<\/p>\n","protected":false},"author":1,"featured_media":0,"parent":0,"menu_order":0,"comment_status":"closed","ping_status":"closed","template":"","meta":{"_acf_changed":false,"_genesis_hide_title":false,"_genesis_hide_breadcrumbs":false,"_genesis_hide_singular_image":false,"_genesis_hide_footer_widgets":false,"_genesis_custom_body_class":"","_genesis_custom_post_class":"","_genesis_layout":"","footnotes":""},"class_list":{"0":"post-5548","1":"page","2":"type-page","3":"status-publish","5":"entry"},"acf":[],"_links":{"self":[{"href":"https:\/\/claraniubo.com\/es\/wp-json\/wp\/v2\/pages\/5548","targetHints":{"allow":["GET"]}}],"collection":[{"href":"https:\/\/claraniubo.com\/es\/wp-json\/wp\/v2\/pages"}],"about":[{"href":"https:\/\/claraniubo.com\/es\/wp-json\/wp\/v2\/types\/page"}],"author":[{"embeddable":true,"href":"https:\/\/claraniubo.com\/es\/wp-json\/wp\/v2\/users\/1"}],"replies":[{"embeddable":true,"href":"https:\/\/claraniubo.com\/es\/wp-json\/wp\/v2\/comments?post=5548"}],"version-history":[{"count":2,"href":"https:\/\/claraniubo.com\/es\/wp-json\/wp\/v2\/pages\/5548\/revisions"}],"predecessor-version":[{"id":5551,"href":"https:\/\/claraniubo.com\/es\/wp-json\/wp\/v2\/pages\/5548\/revisions\/5551"}],"wp:attachment":[{"href":"https:\/\/claraniubo.com\/es\/wp-json\/wp\/v2\/media?parent=5548"}],"curies":[{"name":"wp","href":"https:\/\/api.w.org\/{rel}","templated":true}]}}