{"id":5563,"date":"2021-04-28T17:32:47","date_gmt":"2021-04-28T17:32:47","guid":{"rendered":"https:\/\/claraniubo.com\/politica-de-cookies\/"},"modified":"2021-05-04T10:26:44","modified_gmt":"2021-05-04T10:26:44","slug":"politica-de-cookies","status":"publish","type":"page","link":"https:\/\/claraniubo.com\/es\/politica-de-cookies\/","title":{"rendered":"Pol\u00edtica de cookies"},"content":{"rendered":"\n<p>Clara Niub\u00f2 comunica a los usuarios, a trav\u00e9s de este aviso, que puede utilizar <em>cookies<\/em>cuando el usuario navega por las diferentes pantallas y p\u00e1ginas del sitio web.<\/p>\n\n<p><strong>\u00bfQu\u00e9 son las <em>cookies<\/em>?<\/strong><\/p>\n\n<p>Una <em>cookie<\/em>es un fichero de texto muy peque\u00f1o que un servidor web puede guardar en el disco duro de un equipo para almacenar alg\u00fan tipo de informaci\u00f3n sobre el usuario. La <em>cookie<\/em>identifica el equipo de forma \u00fanica, y solo puede ser le\u00edda por el sitio web que la ha enviado al equipo. <\/p>\n\n<p>Una <em>cookie<\/em>no es un archivo ejecutable ni un programa y por lo tanto no puede propagar o contener un virus o ning\u00fan otro programario malicioso, ni puede tener una longitud superior a 4.000 caracteres.<\/p>\n\n<p><strong>Tipos de <em>cookies<\/em><\/strong><\/p>\n\n<p><em>Cookies<\/em>anal\u00edticas: Recogen informaci\u00f3n del uso que se hace del sitio web.<\/p>\n\n<p><em>Cookies<\/em>sociales: Son necesarias para las redes sociales externas (Facebook, Twitter, Vimeo\u2026).<\/p>\n\n<p><em>Cookies t\u00e9cnicas: Son las estrictamente necesarias para el uso del sitio web y para la prestaci\u00f3n del servicio contratado.<\/em><\/p>\n\n<p>Esta web no utiliza <em>cookies<\/em>propias, solo utiliza <em>cookies<\/em>sociales de otros canales. Concretamente utiliza cookies de las empresas Instagram, Twitter, Facebook y Pinterest. Son <em>cookies<\/em>que tienen la finalidad de conocer los h\u00e1bitos de navegaci\u00f3n de los usuarios.  <\/p>\n\n<p>M\u00e1s informaci\u00f3n:<\/p>\n\n<ul class=\"wp-block-list\"><li><a href=\"https:\/\/instagram.com\/about\/legal\/privacy\/\" target=\"_blank\" rel=\"noreferrer noopener\">Privacidad de Instagram<\/a><\/li><li><a href=\"https:\/\/twitter.com\/privacy\" target=\"_blank\" rel=\"noreferrer noopener\">Privacidad de Twitter<\/a><\/li><li><a href=\"https:\/\/www.facebook.com\/about\/privacy\/cookies\" target=\"_blank\" rel=\"noreferrer noopener\">Privacidad de Facebook<\/a><\/li><li><a href=\"https:\/\/about.pinterest.com\/es\/privacy-policy\" target=\"_blank\" rel=\"noreferrer noopener\">Privacidad de Pinterest<\/a><\/li><\/ul>\n\n<p>El usuario puede configurar su navegador para aceptar, o no, las <em>cookies<\/em>que recibe o para que el navegador le avise cuando un servidor quiera guardar una <em>cookie<\/em>o borrarla de su ordenador. Puede encontrar las instrucciones en la configuraci\u00f3n de seguridad de su navegador web. <\/p>\n\n<p>Ejemplos:<\/p>\n\n<ul class=\"wp-block-list\"><li>&#8211; Si utiliza Microsoft Internet Explorer, en la opci\u00f3n de men\u00fa Herramientas &gt; Opciones de Internet &gt; Privacidad &gt; Configuraci\u00f3n.<\/li><li>&#8211; Si utiliza Firefox, en la opci\u00f3n de men\u00fa Herramientas &gt; Opciones &gt; Privacidad &gt; Cookies.<\/li><li>&#8211; Si utiliza Google Chrome, en la opci\u00f3n de men\u00fa Configuraci\u00f3n &gt; Privacidad.<\/li><li>&#8211; Si utiliza Safari, en la opci\u00f3n de men\u00fa Preferencias &gt; Seguridad.<\/li><\/ul>\n\n<p>Para cualquier consulta sobre el uso de este <em>site<\/em>o su pol\u00edtica de privacidad, por favor, contacte con Clara Niub\u00f2 en<a href=\"mailto:hola@claraniubo.com\" target=\"_blank\" rel=\"noreferrer noopener\">hola@claraniubo.com<\/a><\/p>\n","protected":false},"excerpt":{"rendered":"<p>Clara Niub\u00f2 comunica a los usuarios, a trav\u00e9s de este aviso, que puede utilizar cookiescuando el usuario navega por las diferentes pantallas y p\u00e1ginas del sitio web. \u00bfQu\u00e9 son las cookies? Una cookiees un fichero de texto muy peque\u00f1o que un servidor web puede guardar en el disco duro de un equipo para almacenar alg\u00fan [&hellip;]<\/p>\n","protected":false},"author":1,"featured_media":0,"parent":0,"menu_order":0,"comment_status":"closed","ping_status":"closed","template":"","meta":{"_acf_changed":false,"_genesis_hide_title":false,"_genesis_hide_breadcrumbs":false,"_genesis_hide_singular_image":false,"_genesis_hide_footer_widgets":false,"_genesis_custom_body_class":"","_genesis_custom_post_class":"","_genesis_layout":"","footnotes":""},"class_list":{"0":"post-5563","1":"page","2":"type-page","3":"status-publish","5":"entry"},"acf":[],"_links":{"self":[{"href":"https:\/\/claraniubo.com\/es\/wp-json\/wp\/v2\/pages\/5563","targetHints":{"allow":["GET"]}}],"collection":[{"href":"https:\/\/claraniubo.com\/es\/wp-json\/wp\/v2\/pages"}],"about":[{"href":"https:\/\/claraniubo.com\/es\/wp-json\/wp\/v2\/types\/page"}],"author":[{"embeddable":true,"href":"https:\/\/claraniubo.com\/es\/wp-json\/wp\/v2\/users\/1"}],"replies":[{"embeddable":true,"href":"https:\/\/claraniubo.com\/es\/wp-json\/wp\/v2\/comments?post=5563"}],"version-history":[{"count":3,"href":"https:\/\/claraniubo.com\/es\/wp-json\/wp\/v2\/pages\/5563\/revisions"}],"predecessor-version":[{"id":6421,"href":"https:\/\/claraniubo.com\/es\/wp-json\/wp\/v2\/pages\/5563\/revisions\/6421"}],"wp:attachment":[{"href":"https:\/\/claraniubo.com\/es\/wp-json\/wp\/v2\/media?parent=5563"}],"curies":[{"name":"wp","href":"https:\/\/api.w.org\/{rel}","templated":true}]}}