{"id":5593,"date":"2021-04-29T12:27:40","date_gmt":"2021-04-29T12:27:40","guid":{"rendered":"https:\/\/claraniubo.com\/politica-de-privacidad\/"},"modified":"2021-04-29T12:27:41","modified_gmt":"2021-04-29T12:27:41","slug":"politica-de-privacidad","status":"publish","type":"page","link":"https:\/\/claraniubo.com\/es\/politica-de-privacidad\/","title":{"rendered":"Pol\u00edtica de privacidad"},"content":{"rendered":"\t\t<div data-elementor-type=\"wp-page\" data-elementor-id=\"5593\" class=\"elementor elementor-5593 elementor-94\" data-elementor-post-type=\"page\">\n\t\t\t\t\t\t<section class=\"elementor-section elementor-top-section elementor-element elementor-element-470c680 elementor-section-boxed elementor-section-height-default elementor-section-height-default\" data-id=\"470c680\" data-element_type=\"section\" data-e-type=\"section\">\n\t\t\t\t\t\t<div class=\"elementor-container elementor-column-gap-default\">\n\t\t\t\t\t<div class=\"elementor-column elementor-col-100 elementor-top-column elementor-element elementor-element-43b61d3\" data-id=\"43b61d3\" data-element_type=\"column\" data-e-type=\"column\">\n\t\t\t<div class=\"elementor-widget-wrap elementor-element-populated\">\n\t\t\t\t\t\t<div class=\"elementor-element elementor-element-4c573e5 elementor-widget elementor-widget-text-editor\" data-id=\"4c573e5\" data-element_type=\"widget\" data-e-type=\"widget\" data-widget_type=\"text-editor.default\">\n\t\t\t\t<div class=\"elementor-widget-container\">\n\t\t\t\t\t\t\t\t\t<p><strong>Introducci\u00f3n<\/strong><\/p>\n<p>A Clara Niub\u00f2, sensibilizada con las necesidades de los usuarios de internet y consciente de la importancia de la rigurosa privacidad de la informaci\u00f3n personal que me confi\u00e1is, incluyo esta declaraci\u00f3n de privacidad con el objeto de que seas consciente de la pol\u00edtica en el tratamiento de los datos personales que se obtienen de los visitantes y usuarios.<\/p>\n<p>Como usuario, aceptas estas condiciones por el solo hecho de leer, visualizar o navegar en la web. Si no las aceptas, tienes que abandonar la web, sin hacer uso de ella ni de su contenido, y sin acceder a las p\u00e1ginas enlazadas. <\/p>\n<p><strong>Responsable del tratamiento de los datos<\/strong><\/p>\n<p>El titular del sitio web y responsable del tratamiento de los datos es Clara Niub\u00f2 Casas con DNI 39375357R, para contactar conmigo puedes utilizar la direcci\u00f3n de correo electr\u00f3nico info@claraniubo.com, el tel\u00e9fono 609836151 o la direcci\u00f3n de correo postal calle Major 31, 08693 Casserres.<\/p>\n<p><strong>Finalidad del tratamiento de datos<\/strong><\/p>\n<p>En nuestra web, existen apartados espec\u00edficos donde puedes anotar tus datos para recibir informaci\u00f3n sobre actualizaciones de nuestra web y de algunos programas que se distribuyen. Nosotros te aseguramos que la informaci\u00f3n que nos facilites ser\u00e1 gestionada de manera confidencial. <\/p>\n<p>Los datos se almacenar\u00e1n mientras exista previsi\u00f3n de su uso para el fin para el que fueron recogidos.<\/p>\n<p>No se hacen tomas de decisiones automatizadas con tus datos.<\/p>\n<p>La web puede utilizar cookies; consulta nuestra pol\u00edtica de cookies.<\/p>\n<p><strong>Legitimaci\u00f3n del tratamiento de datos<\/strong><\/p>\n<p>El uso de tus datos se efect\u00faa porque nos das tu consentimiento para utilizar los que nos proporcionas en los formularios para un uso espec\u00edfico que se indica en cada uno de ellos. Todos tus datos solo son necesarios para usos concretos por los que se te solicitan, si no lo haces, estos servicios no son posibles. <\/p>\n<p><strong>Transferencias y cesiones de datos<\/strong><\/p>\n<p>Existe un compromiso firme por parte nuestro de que los datos que proporciones a Clara Niub\u00f2 no ser\u00e1n vendidas ni cedidas a terceras personas sin tu previo consentimiento, para ning\u00fan concepto o circunstancia, excepto consentimiento expreso u obligaci\u00f3n legal.<\/p>\n<p>Nuestra web contiene enlaces hacia otras webs de terceros. Clara Niub\u00f2 no se hace responsable de las pol\u00edticas y pr\u00e1cticas de privacidad de estas otras webs. <\/p>\n<p><strong>Derechos de los interesados<\/strong><\/p>\n<p>Tienes derecho a acceder a la informaci\u00f3n que sobre tu persona est\u00e9 almacenada en nuestras bases de datos, rectificarla en caso de error, suprimirla, limitarla o tratarla y retirar su consentimiento, si este es tu deseo. Para hacerlo, solo tienes que escribir un email a la direcci\u00f3n de correo electr\u00f3nico <a href=\"mailto:hola@claraniubo.com\">hola@claraniubo.com<\/a>. Te contestaremos cualquier consulta, comentario o aclaraci\u00f3n que nos hagas al respecto. <\/p>\n<p>Para m\u00e1s informaci\u00f3n sobre temas relacionados, la web de referencia de la red espa\u00f1ola es la <a href=\"https:\/\/www.agpd.es\/\">Agencia de Protecci\u00f3n de Datos<\/a>, donde tienes derecho a reclamar.<\/p><\/p>\n\t\t\t\t\t\t\t\t<\/div>\n\t\t\t\t<\/div>\n\t\t\t\t\t<\/div>\n\t\t<\/div>\n\t\t\t\t\t<\/div>\n\t\t<\/section>\n\t\t\t\t<\/div>\n\t\t","protected":false},"excerpt":{"rendered":"<p>Introducci\u00f3n A Clara Niub\u00f2, sensibilizada con las necesidades de los usuarios de internet y consciente de la importancia de la rigurosa privacidad de la informaci\u00f3n personal que me confi\u00e1is, incluyo esta declaraci\u00f3n de privacidad con el objeto de que seas consciente de la pol\u00edtica en el tratamiento de los datos personales que se obtienen de [&hellip;]<\/p>\n","protected":false},"author":1,"featured_media":0,"parent":0,"menu_order":0,"comment_status":"closed","ping_status":"closed","template":"","meta":{"_acf_changed":false,"_genesis_hide_title":false,"_genesis_hide_breadcrumbs":false,"_genesis_hide_singular_image":false,"_genesis_hide_footer_widgets":false,"_genesis_custom_body_class":"","_genesis_custom_post_class":"","_genesis_layout":"","footnotes":""},"class_list":{"0":"post-5593","1":"page","2":"type-page","3":"status-publish","5":"entry"},"acf":[],"_links":{"self":[{"href":"https:\/\/claraniubo.com\/es\/wp-json\/wp\/v2\/pages\/5593","targetHints":{"allow":["GET"]}}],"collection":[{"href":"https:\/\/claraniubo.com\/es\/wp-json\/wp\/v2\/pages"}],"about":[{"href":"https:\/\/claraniubo.com\/es\/wp-json\/wp\/v2\/types\/page"}],"author":[{"embeddable":true,"href":"https:\/\/claraniubo.com\/es\/wp-json\/wp\/v2\/users\/1"}],"replies":[{"embeddable":true,"href":"https:\/\/claraniubo.com\/es\/wp-json\/wp\/v2\/comments?post=5593"}],"version-history":[{"count":3,"href":"https:\/\/claraniubo.com\/es\/wp-json\/wp\/v2\/pages\/5593\/revisions"}],"predecessor-version":[{"id":5598,"href":"https:\/\/claraniubo.com\/es\/wp-json\/wp\/v2\/pages\/5593\/revisions\/5598"}],"wp:attachment":[{"href":"https:\/\/claraniubo.com\/es\/wp-json\/wp\/v2\/media?parent=5593"}],"curies":[{"name":"wp","href":"https:\/\/api.w.org\/{rel}","templated":true}]}}