{"id":5633,"date":"2021-04-15T16:21:14","date_gmt":"2021-04-29T17:34:42","guid":{"rendered":"https:\/\/claraniubo.com\/producto\/cc-505-mini\/"},"modified":"2021-04-29T17:34:49","modified_gmt":"2021-04-29T17:34:49","slug":"cc-505-mini","status":"publish","type":"product","link":"https:\/\/claraniubo.com\/es\/producto\/cc-505-mini\/","title":{"rendered":"CC-505 mini"},"content":{"rendered":"<p>Sat\u00e9lites que viajan fuera de \u00f3rbita, a una galaxia imaginaria. All\u00e1 donde la libertad es realidad. El cielo es limpio y claro. Los planetas explotan de ilusi\u00f3n y las estrellas derraman alegr\u00eda. Polvo de luz. La naturaleza es vida, vida y amor.<\/p>\n","protected":false},"excerpt":{"rendered":"<p>Sat\u00e9lites que viajan fuera de \u00f3rbita, a una galaxia imaginaria. All\u00e1 donde la libertad es realidad. El cielo es limpio y claro. Los planetas explotan de ilusi\u00f3n y las estrellas derraman alegr\u00eda. Polvo de luz. La naturaleza es vida, vida y amor.<\/p>\n","protected":false},"featured_media":4877,"template":"","meta":{"_acf_changed":false,"_genesis_hide_title":false,"_genesis_hide_breadcrumbs":false,"_genesis_hide_singular_image":false,"_genesis_hide_footer_widgets":false,"_genesis_custom_body_class":"","_genesis_custom_post_class":"","_genesis_layout":""},"product_brand":[],"product_cat":[151],"product_tag":[],"class_list":{"0":"post-5633","1":"product","2":"type-product","3":"status-publish","4":"has-post-thumbnail","6":"product_cat-pendientes","7":"pa_col-leccions-fora-dorbita-fuera-de-orbita","8":"pa_material-plata-es","9":"pa_mida-70x12x10mm","10":"entry","12":"first","13":"instock","14":"taxable","15":"shipping-taxable","16":"purchasable","17":"product-type-simple"},"acf":[],"_links":{"self":[{"href":"https:\/\/claraniubo.com\/es\/wp-json\/wp\/v2\/product\/5633","targetHints":{"allow":["GET"]}}],"collection":[{"href":"https:\/\/claraniubo.com\/es\/wp-json\/wp\/v2\/product"}],"about":[{"href":"https:\/\/claraniubo.com\/es\/wp-json\/wp\/v2\/types\/product"}],"wp:featuredmedia":[{"embeddable":true,"href":"https:\/\/claraniubo.com\/es\/wp-json\/wp\/v2\/media\/4877"}],"wp:attachment":[{"href":"https:\/\/claraniubo.com\/es\/wp-json\/wp\/v2\/media?parent=5633"}],"wp:term":[{"taxonomy":"product_brand","embeddable":true,"href":"https:\/\/claraniubo.com\/es\/wp-json\/wp\/v2\/product_brand?post=5633"},{"taxonomy":"product_cat","embeddable":true,"href":"https:\/\/claraniubo.com\/es\/wp-json\/wp\/v2\/product_cat?post=5633"},{"taxonomy":"product_tag","embeddable":true,"href":"https:\/\/claraniubo.com\/es\/wp-json\/wp\/v2\/product_tag?post=5633"}],"curies":[{"name":"wp","href":"https:\/\/api.w.org\/{rel}","templated":true}]}}