{"id":5638,"date":"2021-04-15T15:28:57","date_gmt":"2021-04-29T17:36:10","guid":{"rendered":"https:\/\/claraniubo.com\/producto\/ft-50\/"},"modified":"2021-04-29T17:36:15","modified_gmt":"2021-04-29T17:36:15","slug":"ft-50","status":"publish","type":"product","link":"https:\/\/claraniubo.com\/es\/producto\/ft-50\/","title":{"rendered":"FT-50"},"content":{"rendered":"<p>Sat\u00e9lites que viajan fuera de \u00f3rbita, a una galaxia imaginaria. All\u00e1 donde la libertad es realidad. El cielo es limpio y claro. Los planetas explotan de ilusi\u00f3n y las estrellas derraman alegr\u00eda. Polvo de luz. La naturaleza es vida, vida y amor.<\/p>\n","protected":false},"excerpt":{"rendered":"<p>Sat\u00e9lites que viajan fuera de \u00f3rbita, a una galaxia imaginaria. All\u00e1 donde la libertad es realidad. El cielo es limpio y claro. Los planetas explotan de ilusi\u00f3n y las estrellas derraman alegr\u00eda. Polvo de luz. La naturaleza es vida, vida y amor.<\/p>\n","protected":false},"featured_media":4807,"template":"","meta":{"_acf_changed":false,"_genesis_hide_title":false,"_genesis_hide_breadcrumbs":false,"_genesis_hide_singular_image":false,"_genesis_hide_footer_widgets":false,"_genesis_custom_body_class":"","_genesis_custom_post_class":"","_genesis_layout":""},"product_brand":[],"product_cat":[151],"product_tag":[],"class_list":{"0":"post-5638","1":"product","2":"type-product","3":"status-publish","4":"has-post-thumbnail","6":"product_cat-pendientes","7":"pa_col-leccions-fora-dorbita-fuera-de-orbita","8":"pa_material-plata-es","9":"pa_mida-55x30x30mm","10":"entry","12":"first","13":"instock","14":"taxable","15":"shipping-taxable","16":"purchasable","17":"product-type-simple"},"acf":[],"_links":{"self":[{"href":"https:\/\/claraniubo.com\/es\/wp-json\/wp\/v2\/product\/5638","targetHints":{"allow":["GET"]}}],"collection":[{"href":"https:\/\/claraniubo.com\/es\/wp-json\/wp\/v2\/product"}],"about":[{"href":"https:\/\/claraniubo.com\/es\/wp-json\/wp\/v2\/types\/product"}],"wp:featuredmedia":[{"embeddable":true,"href":"https:\/\/claraniubo.com\/es\/wp-json\/wp\/v2\/media\/4807"}],"wp:attachment":[{"href":"https:\/\/claraniubo.com\/es\/wp-json\/wp\/v2\/media?parent=5638"}],"wp:term":[{"taxonomy":"product_brand","embeddable":true,"href":"https:\/\/claraniubo.com\/es\/wp-json\/wp\/v2\/product_brand?post=5638"},{"taxonomy":"product_cat","embeddable":true,"href":"https:\/\/claraniubo.com\/es\/wp-json\/wp\/v2\/product_cat?post=5638"},{"taxonomy":"product_tag","embeddable":true,"href":"https:\/\/claraniubo.com\/es\/wp-json\/wp\/v2\/product_tag?post=5638"}],"curies":[{"name":"wp","href":"https:\/\/api.w.org\/{rel}","templated":true}]}}