{"id":5643,"date":"2021-04-15T12:53:58","date_gmt":"2021-04-29T17:38:50","guid":{"rendered":"https:\/\/claraniubo.com\/producto\/sc-1-big\/"},"modified":"2021-04-29T17:38:50","modified_gmt":"2021-04-29T17:38:50","slug":"sc-1-big-2","status":"publish","type":"product","link":"https:\/\/claraniubo.com\/es\/producto\/sc-1-big-2\/","title":{"rendered":"SC-1 big"},"content":{"rendered":"<p>Sat\u00e9lites que viajan fuera de \u00f3rbita, a una galaxia imaginaria. All\u00e1 donde la libertad es realidad. El cielo es limpio y claro. Los planetas explotan de ilusi\u00f3n y las estrellas derraman alegr\u00eda. Polvo de luz. La naturaleza es vida, vida y amor.<\/p>\n","protected":false},"excerpt":{"rendered":"<p>Sat\u00e9lites que viajan fuera de \u00f3rbita, a una galaxia imaginaria. All\u00e1 donde la libertad es realidad. El cielo es limpio y claro. Los planetas explotan de ilusi\u00f3n y las estrellas derraman alegr\u00eda. Polvo de luz. La naturaleza es vida, vida y amor.<\/p>\n","protected":false},"featured_media":4631,"template":"","meta":{"_acf_changed":false,"_genesis_hide_title":false,"_genesis_hide_breadcrumbs":false,"_genesis_hide_singular_image":false,"_genesis_hide_footer_widgets":false,"_genesis_custom_body_class":"","_genesis_custom_post_class":"","_genesis_layout":""},"product_brand":[],"product_cat":[151],"product_tag":[],"class_list":{"0":"post-5643","1":"product","2":"type-product","3":"status-publish","4":"has-post-thumbnail","6":"product_cat-pendientes","7":"pa_col-leccions-fora-dorbita-fuera-de-orbita","8":"pa_color-rojo","9":"pa_material-plata-es","10":"pa_mida-100x22x6mm","11":"entry","13":"first","14":"instock","15":"taxable","16":"shipping-taxable","17":"purchasable","18":"product-type-simple"},"acf":[],"_links":{"self":[{"href":"https:\/\/claraniubo.com\/es\/wp-json\/wp\/v2\/product\/5643","targetHints":{"allow":["GET"]}}],"collection":[{"href":"https:\/\/claraniubo.com\/es\/wp-json\/wp\/v2\/product"}],"about":[{"href":"https:\/\/claraniubo.com\/es\/wp-json\/wp\/v2\/types\/product"}],"wp:featuredmedia":[{"embeddable":true,"href":"https:\/\/claraniubo.com\/es\/wp-json\/wp\/v2\/media\/4631"}],"wp:attachment":[{"href":"https:\/\/claraniubo.com\/es\/wp-json\/wp\/v2\/media?parent=5643"}],"wp:term":[{"taxonomy":"product_brand","embeddable":true,"href":"https:\/\/claraniubo.com\/es\/wp-json\/wp\/v2\/product_brand?post=5643"},{"taxonomy":"product_cat","embeddable":true,"href":"https:\/\/claraniubo.com\/es\/wp-json\/wp\/v2\/product_cat?post=5643"},{"taxonomy":"product_tag","embeddable":true,"href":"https:\/\/claraniubo.com\/es\/wp-json\/wp\/v2\/product_tag?post=5643"}],"curies":[{"name":"wp","href":"https:\/\/api.w.org\/{rel}","templated":true}]}}